{"id":6648,"date":"2026-04-08T15:50:38","date_gmt":"2026-04-08T15:50:38","guid":{"rendered":"https:\/\/upsteam.es\/?page_id=6648"},"modified":"2026-04-08T15:53:55","modified_gmt":"2026-04-08T15:53:55","slug":"confirmacion-actualizacion","status":"publish","type":"page","link":"https:\/\/upsteam.es\/va\/confirmacion-actualizacion","title":{"rendered":"Confirmaci\u00f3n Actualizaci\u00f3n Inscripci\u00f3n"},"content":{"rendered":"\t\t<div data-elementor-type=\"wp-page\" data-elementor-id=\"6648\" class=\"elementor elementor-6648\" data-elementor-post-type=\"page\">\n\t\t\t\t\t\t<section class=\"elementor-section elementor-top-section elementor-element elementor-element-78c7970 elementor-section-height-min-height elementor-section-boxed elementor-section-height-default elementor-section-items-middle\" data-id=\"78c7970\" data-element_type=\"section\" data-e-type=\"section\">\n\t\t\t\t\t\t<div class=\"elementor-container elementor-column-gap-default\">\n\t\t\t\t\t<div class=\"elementor-column elementor-col-100 elementor-top-column elementor-element elementor-element-cca50a9\" data-id=\"cca50a9\" data-element_type=\"column\" data-e-type=\"column\">\n\t\t\t<div class=\"elementor-widget-wrap elementor-element-populated\">\n\t\t\t\t\t\t<div class=\"elementor-element elementor-element-c24facd elementor-widget elementor-widget-heading\" data-id=\"c24facd\" data-element_type=\"widget\" data-e-type=\"widget\" data-widget_type=\"heading.default\">\n\t\t\t\t<div class=\"elementor-widget-container\">\n\t\t\t\t\t<h2 class=\"elementor-heading-title elementor-size-default\">\ud83c\udf89 \u00a1INSCRIPCI\u00d3N ACTUALIZADA CON \u00c9XITO! \ud83d\ude80\n<\/h2>\t\t\t\t<\/div>\n\t\t\t\t<\/div>\n\t\t\t\t<div class=\"elementor-element elementor-element-af917b5 elementor-widget elementor-widget-text-editor\" data-id=\"af917b5\" data-element_type=\"widget\" data-e-type=\"widget\" data-widget_type=\"text-editor.default\">\n\t\t\t\t<div class=\"elementor-widget-container\">\n\t\t\t\t\t\t\t\t\t<p class=\"font-claude-response-body break-words whitespace-normal leading-[1.7]\"><em>\ud83d\udd10 <strong>\u00bfPor qu\u00e9 os pedimos el DNI de los participantes?<\/strong><\/em><\/p><p class=\"font-claude-response-body break-words whitespace-normal leading-[1.7]\">Sabemos que es un dato sensible, as\u00ed que queremos explic\u00e1rtelo con total transparencia. Solicitamos el DNI de cada participante porque nos permite cotejar la informaci\u00f3n con los registros de matr\u00edcula de la <strong>Universitat Polit\u00e8cnica de Val\u00e8ncia. <\/strong>Esta verificaci\u00f3n <strong>nos permite seguir celebrando nuevas convocatorias en el futuro<\/strong>, ya que el respaldo institucional de la UPV depende de poder acreditar con rigor la participaci\u00f3n de los estudiantes.<\/p><p class=\"font-claude-response-body break-words whitespace-normal leading-[1.7]\">Los DNI se tratan exclusivamente para esta finalidad, se almacenan de forma segura y nunca se comparten con terceros ajenos al programa. Ten\u00e9is nuestro compromiso. \ud83e\udd1d<\/p>\t\t\t\t\t\t\t\t<\/div>\n\t\t\t\t<\/div>\n\t\t\t\t\t<\/div>\n\t\t<\/div>\n\t\t\t\t\t<\/div>\n\t\t<\/section>\n\t\t\t\t<\/div>\n\t\t","protected":false},"excerpt":{"rendered":"<p>\ud83c\udf89 \u00a1INSCRIPCI\u00d3N ACTUALIZADA CON \u00c9XITO! \ud83d\ude80 \ud83d\udd10 \u00bfPor qu\u00e9 os pedimos el DNI de los participantes? Sabemos que es un dato sensible, as\u00ed que queremos explic\u00e1rtelo con total transparencia. Solicitamos el DNI de cada participante porque nos permite cotejar la informaci\u00f3n con los registros de matr\u00edcula de la Universitat Polit\u00e8cnica de Val\u00e8ncia. Esta verificaci\u00f3n nos&hellip;&nbsp;<a href=\"https:\/\/upsteam.es\/va\/confirmacion-actualizacion\" rel=\"bookmark\">Llegiu m\u00e9s &raquo;<span class=\"screen-reader-text\">Confirmaci\u00f3n Actualizaci\u00f3n Inscripci\u00f3n<\/span><\/a><\/p>","protected":false},"author":1,"featured_media":0,"parent":0,"menu_order":0,"comment_status":"closed","ping_status":"closed","template":"elementor_header_footer","meta":{"_seopress_robots_primary_cat":"","_seopress_titles_title":"","_seopress_titles_desc":"","_seopress_robots_index":"","neve_meta_sidebar":"","neve_meta_container":"","neve_meta_enable_content_width":"","neve_meta_content_width":0,"neve_meta_title_alignment":"","neve_meta_author_avatar":"","neve_post_elements_order":"","neve_meta_disable_header":"","neve_meta_disable_footer":"","neve_meta_disable_title":"","footnotes":""},"class_list":["post-6648","page","type-page","status-publish","hentry"],"_links":{"self":[{"href":"https:\/\/upsteam.es\/va\/wp-json\/wp\/v2\/pages\/6648","targetHints":{"allow":["GET"]}}],"collection":[{"href":"https:\/\/upsteam.es\/va\/wp-json\/wp\/v2\/pages"}],"about":[{"href":"https:\/\/upsteam.es\/va\/wp-json\/wp\/v2\/types\/page"}],"author":[{"embeddable":true,"href":"https:\/\/upsteam.es\/va\/wp-json\/wp\/v2\/users\/1"}],"replies":[{"embeddable":true,"href":"https:\/\/upsteam.es\/va\/wp-json\/wp\/v2\/comments?post=6648"}],"version-history":[{"count":4,"href":"https:\/\/upsteam.es\/va\/wp-json\/wp\/v2\/pages\/6648\/revisions"}],"predecessor-version":[{"id":6653,"href":"https:\/\/upsteam.es\/va\/wp-json\/wp\/v2\/pages\/6648\/revisions\/6653"}],"wp:attachment":[{"href":"https:\/\/upsteam.es\/va\/wp-json\/wp\/v2\/media?parent=6648"}],"curies":[{"name":"wp","href":"https:\/\/api.w.org\/{rel}","templated":true}]}}