{"id":4170,"date":"2023-02-20T17:41:54","date_gmt":"2023-02-20T17:41:54","guid":{"rendered":"https:\/\/upsteam.es\/?page_id=4170"},"modified":"2023-03-08T12:04:44","modified_gmt":"2023-03-08T12:04:44","slug":"midjourney","status":"publish","type":"page","link":"https:\/\/upsteam.es\/va\/midjourney","title":{"rendered":"Competici\u00f3n Midjourney"},"content":{"rendered":"<div data-elementor-type=\"wp-page\" data-elementor-id=\"4170\" class=\"elementor elementor-4170\" data-elementor-post-type=\"page\">\n\t\t\t\t\t\t<section class=\"elementor-section elementor-top-section elementor-element elementor-element-f45c77c elementor-section-height-min-height elementor-section-items-top elementor-section-boxed elementor-section-height-default\" data-id=\"f45c77c\" data-element_type=\"section\" data-e-type=\"section\">\n\t\t\t\t\t\t<div class=\"elementor-container elementor-column-gap-default\">\n\t\t\t\t\t<div class=\"elementor-column elementor-col-100 elementor-top-column elementor-element elementor-element-c865248\" data-id=\"c865248\" data-element_type=\"column\" data-e-type=\"column\">\n\t\t\t<div class=\"elementor-widget-wrap elementor-element-populated\">\n\t\t\t\t\t\t<section class=\"elementor-section elementor-inner-section elementor-element elementor-element-174c36c elementor-section-boxed elementor-section-height-default elementor-section-height-default\" data-id=\"174c36c\" data-element_type=\"section\" data-e-type=\"section\">\n\t\t\t\t\t\t<div class=\"elementor-container elementor-column-gap-default\">\n\t\t\t\t\t<div class=\"elementor-column elementor-col-50 elementor-inner-column elementor-element elementor-element-397f72b\" data-id=\"397f72b\" data-element_type=\"column\" data-e-type=\"column\">\n\t\t\t<div class=\"elementor-widget-wrap elementor-element-populated\">\n\t\t\t\t\t\t<div class=\"elementor-element elementor-element-379236d elementor-widget elementor-widget-heading\" data-id=\"379236d\" data-element_type=\"widget\" data-e-type=\"widget\" data-widget_type=\"heading.default\">\n\t\t\t\t<div class=\"elementor-widget-container\">\n\t\t\t\t\t<h1 class=\"elementor-heading-title elementor-size-default\">Competici\u00f3n Midjourney<\/h1>\t\t\t\t<\/div>\n\t\t\t\t<\/div>\n\t\t\t\t<div class=\"elementor-element elementor-element-c3eccd7 elementor-alert-info elementor-widget elementor-widget-alert\" data-id=\"c3eccd7\" data-element_type=\"widget\" data-e-type=\"widget\" data-widget_type=\"alert.default\">\n\t\t\t\t<div class=\"elementor-widget-container\">\n\t\t\t\t\t\t\t<div class=\"elementor-alert\" role=\"alert\">\n\n\t\t\t\t\t\t<span class=\"elementor-alert-title\">\ud83c\udfc6 ENHORABUENA AL GANADOR! \ud83d\udc4f\ud83d\udc4f\ud83d\udc4f<\/span>\n\t\t\t\n\t\t\t\t\t\t<span class=\"elementor-alert-description\">El ganador de la minicompetici\u00f3n de im\u00e1genes ha sido @javconguito. Enhorabuena !!! \ud83d\ude4c<\/span>\n\t\t\t\n\t\t\t\n\t\t<\/div>\n\t\t\t\t\t\t<\/div>\n\t\t\t\t<\/div>\n\t\t\t\t<div class=\"elementor-element elementor-element-567176f elementor-widget elementor-widget-text-editor\" data-id=\"567176f\" data-element_type=\"widget\" data-e-type=\"widget\" data-widget_type=\"text-editor.default\">\n\t\t\t\t<div class=\"elementor-widget-container\">\n\t\t\t\t\t\t\t\t\t<p style=\"text-align: left;\">Bienvenido a la mini-competici\u00f3n de generaci\u00f3n de im\u00e1genes con la herramienta de Inteligencia Artificial de <a href=\"https:\/\/midjourney.com\/\">Midjourney<\/a>.<\/p><p><span style=\"color: #000000;\"><strong>El tema de la competici\u00f3n es la \u00abciencia\u00bb.<\/strong><\/span><\/p><p style=\"text-align: left;\">Busca los mejores \u00ab<a href=\"https:\/\/www.giztab.com\/prompt-engineering-que-es-que-hace\/#:~:text=Podemos%20decir%20que%20un%20prompt,el%20desempe%C3%B1o%20de%20la%20IA.\">prompts<\/a>\u00bb para generar im\u00e1genes relacionadas con la naturaleza, el medio ambiente, animales desconocidos, experimentos de ciencia, electricidad, f\u00edsica, cient\u00edfic@s famos@s, utensilios, ideas abstractas o una combinaci\u00f3n de conceptos. T\u00fa imaginaci\u00f3n es el l\u00edmite.<\/p><p style=\"text-align: left;\">Echa un vistazo al <a href=\"https:\/\/docs.midjourney.com\/docs\/parameter-list\">manual<\/a> para ver todas las opciones en Midjourney.<\/p><p style=\"text-align: left;\">En esta p\u00e1gina puedes ver el ranking actual con todas las im\u00e1genes de la competici\u00f3n con el n\u00famero de votos de cada una.\u00a0<\/p><p style=\"text-align: left;\">\u00danete a nuestra <strong><a href=\"https:\/\/discord.gg\/aRYBu6Kkqq\">comunidad en Discord<\/a><\/strong> y genera tus propias im\u00e1genes con <a href=\"https:\/\/midjourney.com\/\">Midjourney<\/a> en el canal <strong>#\ud83c\udfa8imagenes-ia<\/strong>.<\/p>\t\t\t\t\t\t\t\t<\/div>\n\t\t\t\t<\/div>\n\t\t\t\t\t<\/div>\n\t\t<\/div>\n\t\t\t\t<div class=\"elementor-column elementor-col-50 elementor-inner-column elementor-element elementor-element-03c9fe9\" data-id=\"03c9fe9\" data-element_type=\"column\" data-e-type=\"column\">\n\t\t\t<div class=\"elementor-widget-wrap elementor-element-populated\">\n\t\t\t\t\t\t<div class=\"elementor-element elementor-element-5181308 elementor-widget elementor-widget-image\" data-id=\"5181308\" data-element_type=\"widget\" data-e-type=\"widget\" data-widget_type=\"image.default\">\n\t\t\t\t<div class=\"elementor-widget-container\">\n\t\t\t\t\t\t\t\t\t\t\t\t<figure class=\"wp-caption\">\n\t\t\t\t\t\t\t\t\t\t<img alt=\"\" fetchpriority=\"high\" decoding=\"async\" width=\"812\" height=\"812\" src=\"https:\/\/upsteam.es\/wp-content\/uploads\/2023\/02\/logo-bot-votos-midjourney.png\" class=\"attachment-large size-large wp-image-4191\" srcset=\"https:\/\/upsteam.es\/wp-content\/uploads\/2023\/02\/logo-bot-votos-midjourney.png 812w, https:\/\/upsteam.es\/wp-content\/uploads\/2023\/02\/logo-bot-votos-midjourney-300x300.png 300w, https:\/\/upsteam.es\/wp-content\/uploads\/2023\/02\/logo-bot-votos-midjourney-150x150.png 150w, https:\/\/upsteam.es\/wp-content\/uploads\/2023\/02\/logo-bot-votos-midjourney-768x768.png 768w, https:\/\/upsteam.es\/wp-content\/uploads\/2023\/02\/logo-bot-votos-midjourney-12x12.png 12w\" sizes=\"(max-width: 812px) 100vw, 812px\" \/>\t\t\t\t\t\t\t\t\t\t\t<figcaption class=\"widget-image-caption wp-caption-text\">a 3d gradient photorealistic logo of a mechanical painter palette with plain background<\/figcaption>\n\t\t\t\t\t\t\t\t\t\t<\/figure>\n\t\t\t\t\t\t\t\t\t<\/div>\n\t\t\t\t<\/div>\n\t\t\t\t\t<\/div>\n\t\t<\/div>\n\t\t\t\t\t<\/div>\n\t\t<\/section>\n\t\t\t\t<div class=\"elementor-element elementor-element-00263c9 elementor-alert-info elementor-widget elementor-widget-alert\" data-id=\"00263c9\" data-element_type=\"widget\" data-e-type=\"widget\" data-widget_type=\"alert.default\">\n\t\t\t\t<div class=\"elementor-widget-container\">\n\t\t\t\t\t\t\t<div class=\"elementor-alert\" role=\"alert\">\n\n\t\t\t\t\t\t<span class=\"elementor-alert-title\">\ud83c\udfc6 \u00bfY CU\u00c1L ES EL PREMIO? \ud83d\ude01<\/span>\n\t\t\t\n\t\t\t\t\t\t<span class=\"elementor-alert-description\">La competici\u00f3n se cerrar\u00e1 el pr\u00f3ximo martes, 7 de marzo, a las 18:00h. La persona que haya generado la imagen con m\u00e1s votos recibir\u00e1 como premio la imagen en formato f\u00edsico en la direcci\u00f3n que el\/ella escoja.<\/span>\n\t\t\t\n\t\t\t\n\t\t<\/div>\n\t\t\t\t\t\t<\/div>\n\t\t\t\t<\/div>\n\t\t\t\t<div class=\"elementor-element elementor-element-54e3fb2 elementor-widget elementor-widget-html\" data-id=\"54e3fb2\" data-element_type=\"widget\" data-e-type=\"widget\" data-widget_type=\"html.default\">\n\t\t\t\t<div class=\"elementor-widget-container\">\n\t\t\t\t\t<iframe id=\"softr-b0aebb04-5994-4253-9dc6-efa184fc576c-custom-code1\" src=\"https:\/\/midjourney.softr.app\" width=\"100%\" height=\"1000\" scrolling=\"no\" frameborder=\"0\" style=\"border:none;\"><\/iframe>    <script src=\"https:\/\/cdnjs.cloudflare.com\/ajax\/libs\/iframe-resizer\/4.2.11\/iframeResizer.min.js\"><\/script>    <script> iFrameResize({ checkOrigin: false, log: true }, '#softr-b0aebb04-5994-4253-9dc6-efa184fc576c-custom-code1');<\/script>\t\t\t\t<\/div>\n\t\t\t\t<\/div>\n\t\t\t\t\t<\/div>\n\t\t<\/div>\n\t\t\t\t\t<\/div>\n\t\t<\/section>\n\t\t\t\t<\/div>","protected":false},"excerpt":{"rendered":"<p>Competici\u00f3n Midjourney \ud83c\udfc6 ENHORABUENA AL GANADOR! \ud83d\udc4f\ud83d\udc4f\ud83d\udc4f El ganador de la minicompetici\u00f3n de im\u00e1genes ha sido @javconguito. Enhorabuena !!! \ud83d\ude4c Bienvenido a la mini-competici\u00f3n de generaci\u00f3n de im\u00e1genes con la herramienta de Inteligencia Artificial de Midjourney. El tema de la competici\u00f3n es la \u00abciencia\u00bb. Busca los mejores \u00abprompts\u00bb para generar im\u00e1genes relacionadas con la naturaleza,&hellip;&nbsp;<a href=\"https:\/\/upsteam.es\/va\/midjourney\" rel=\"bookmark\">Llegiu m\u00e9s &raquo;<span class=\"screen-reader-text\">Competici\u00f3n Midjourney<\/span><\/a><\/p>","protected":false},"author":1,"featured_media":4191,"parent":0,"menu_order":0,"comment_status":"closed","ping_status":"closed","template":"elementor_header_footer","meta":{"_seopress_robots_primary_cat":"","_seopress_titles_title":"","_seopress_titles_desc":"","_seopress_robots_index":"","neve_meta_sidebar":"full-width","neve_meta_container":"","neve_meta_enable_content_width":"on","neve_meta_content_width":100,"neve_meta_title_alignment":"","neve_meta_author_avatar":"","neve_post_elements_order":"","neve_meta_disable_header":"","neve_meta_disable_footer":"","neve_meta_disable_title":"","footnotes":""},"class_list":["post-4170","page","type-page","status-publish","has-post-thumbnail","hentry"],"_links":{"self":[{"href":"https:\/\/upsteam.es\/va\/wp-json\/wp\/v2\/pages\/4170","targetHints":{"allow":["GET"]}}],"collection":[{"href":"https:\/\/upsteam.es\/va\/wp-json\/wp\/v2\/pages"}],"about":[{"href":"https:\/\/upsteam.es\/va\/wp-json\/wp\/v2\/types\/page"}],"author":[{"embeddable":true,"href":"https:\/\/upsteam.es\/va\/wp-json\/wp\/v2\/users\/1"}],"replies":[{"embeddable":true,"href":"https:\/\/upsteam.es\/va\/wp-json\/wp\/v2\/comments?post=4170"}],"version-history":[{"count":64,"href":"https:\/\/upsteam.es\/va\/wp-json\/wp\/v2\/pages\/4170\/revisions"}],"predecessor-version":[{"id":4249,"href":"https:\/\/upsteam.es\/va\/wp-json\/wp\/v2\/pages\/4170\/revisions\/4249"}],"wp:featuredmedia":[{"embeddable":true,"href":"https:\/\/upsteam.es\/va\/wp-json\/wp\/v2\/media\/4191"}],"wp:attachment":[{"href":"https:\/\/upsteam.es\/va\/wp-json\/wp\/v2\/media?parent=4170"}],"curies":[{"name":"wp","href":"https:\/\/api.w.org\/{rel}","templated":true}]}}